{"id":104,"date":"2025-02-26T16:40:05","date_gmt":"2025-02-27T00:40:05","guid":{"rendered":"https:\/\/supervisorlopez.venturacounty.gov\/?page_id=104"},"modified":"2026-02-27T13:33:05","modified_gmt":"2026-02-27T21:33:05","slug":"emergency-preparedness","status":"publish","type":"page","link":"https:\/\/supervisorlopez.venturacounty.gov\/es\/emergency-preparedness\/","title":{"rendered":"Preparaci\u00f3n para emergencias"},"content":{"rendered":"<div data-elementor-type=\"wp-page\" data-elementor-id=\"104\" class=\"elementor elementor-104\" data-elementor-post-type=\"page\">\n\t\t\t\t<div class=\"elementor-element elementor-element-7a5d7d5f e-flex e-con-boxed e-con e-parent\" data-id=\"7a5d7d5f\" data-element_type=\"container\" data-e-type=\"container\" data-settings=\"{&quot;background_background&quot;:&quot;classic&quot;,&quot;jet_parallax_layout_list&quot;:[]}\">\n\t\t\t\t\t<div class=\"e-con-inner\">\n\t\t<div class=\"elementor-element elementor-element-627703bd e-con-full e-flex e-con e-child\" data-id=\"627703bd\" data-element_type=\"container\" data-e-type=\"container\" data-settings=\"{&quot;jet_parallax_layout_list&quot;:[]}\">\n\t\t\t\t<div class=\"elementor-element elementor-element-3e985243 elementor-widget elementor-widget-heading\" data-id=\"3e985243\" data-element_type=\"widget\" data-e-type=\"widget\" data-widget_type=\"heading.default\">\n\t\t\t\t<div class=\"elementor-widget-container\">\n\t\t\t\t\t<h1 class=\"elementor-heading-title elementor-size-default\">Preparaci\u00f3n para emergencias<\/h1>\t\t\t\t<\/div>\n\t\t\t\t<\/div>\n\t\t\t\t<div class=\"elementor-element elementor-element-5c4b1c9 elementor-widget elementor-widget-text-editor\" data-id=\"5c4b1c9\" data-element_type=\"widget\" data-e-type=\"widget\" data-widget_type=\"text-editor.default\">\n\t\t\t\t<div class=\"elementor-widget-container\">\n\t\t\t\t\t\t\t\t\t<p>El condado de Ventura puede enfrentarse a diversas situaciones de emergencia, como incendios forestales y terremotos. La Oficina de Servicios de Emergencia del Condado ayuda al condado de Ventura a prepararse, responder y recuperarse de una cat\u00e1strofe local. \u00a0<\/p><p>Estar preparados es nuestra mejor defensa. \u00danete a m\u00ed para mantenerte preparado y alerta.<\/p>\t\t\t\t\t\t\t\t<\/div>\n\t\t\t\t<\/div>\n\t\t<a class=\"elementor-element elementor-element-2f89248 e-con-full e-flex e-con e-child\" data-id=\"2f89248\" data-element_type=\"container\" data-e-type=\"container\" data-settings=\"{&quot;jet_parallax_layout_list&quot;:[]}\" href=\"https:\/\/emergency.venturacounty.gov\/\" target=\"_blank\">\n\t\t\t\t<div class=\"elementor-element elementor-element-f54a14f elementor-widget elementor-widget-image\" data-id=\"f54a14f\" data-element_type=\"widget\" data-e-type=\"widget\" data-widget_type=\"image.default\">\n\t\t\t\t<div class=\"elementor-widget-container\">\n\t\t\t\t\t\t\t\t\t\t\t\t\t\t\t<img fetchpriority=\"high\" decoding=\"async\" width=\"700\" height=\"163\" src=\"https:\/\/supervisorlopez.venturacounty.gov\/wp-content\/uploads\/2025\/05\/VC-Alert-Logo.jpg\" class=\"attachment-large size-large wp-image-287\" alt=\"VC Alert\" srcset=\"https:\/\/supervisorlopez.venturacounty.gov\/wp-content\/uploads\/2025\/05\/VC-Alert-Logo.jpg 700w, https:\/\/supervisorlopez.venturacounty.gov\/wp-content\/uploads\/2025\/05\/VC-Alert-Logo-480x112.jpg 480w\" sizes=\"(max-width: 700px) 100vw, 700px\" \/>\t\t\t\t\t\t\t\t\t\t\t\t\t\t\t<\/div>\n\t\t\t\t<\/div>\n\t\t\t\t<div class=\"elementor-element elementor-element-6421dca elementor-widget elementor-widget-heading\" data-id=\"6421dca\" data-element_type=\"widget\" data-e-type=\"widget\" data-widget_type=\"heading.default\">\n\t\t\t\t<div class=\"elementor-widget-container\">\n\t\t\t\t\t<p class=\"elementor-heading-title elementor-size-default\">Inscripci\u00f3n en el sistema de notificaci\u00f3n de emergencias del condado de Ventura<\/p>\t\t\t\t<\/div>\n\t\t\t\t<\/div>\n\t\t\t\t<div class=\"elementor-element elementor-element-7692b01 elementor-widget elementor-widget-text-editor\" data-id=\"7692b01\" data-element_type=\"widget\" data-e-type=\"widget\" data-widget_type=\"text-editor.default\">\n\t\t\t\t<div class=\"elementor-widget-container\">\n\t\t\t\t\t\t\t\t\t<p>El condado de Ventura utiliza un sistema de notificaci\u00f3n de emergencias de \u00faltima generaci\u00f3n para enviar alertas de emergencia urgentes en ingl\u00e9s y espa\u00f1ol a las zonas del condado de Ventura donde existe una amenaza para la salud y la seguridad.<\/p><p>Estos mensajes pueden incluir, entre otros, advertencias u \u00f3rdenes de evacuaci\u00f3n, avisos de condiciones meteorol\u00f3gicas adversas, incidentes de polic\u00eda de proximidad, b\u00fasquedas de personas desaparecidas en situaci\u00f3n de riesgo y alertas de salud p\u00fablica.<\/p>\t\t\t\t\t\t\t\t<\/div>\n\t\t\t\t<\/div>\n\t\t\t\t<\/a>\n\t\t\t\t<div class=\"elementor-element elementor-element-2baa4b6 elementor-widget elementor-widget-spacer\" data-id=\"2baa4b6\" data-element_type=\"widget\" data-e-type=\"widget\" data-widget_type=\"spacer.default\">\n\t\t\t\t<div class=\"elementor-widget-container\">\n\t\t\t\t\t\t\t<div class=\"elementor-spacer\">\n\t\t\t<div class=\"elementor-spacer-inner\"><\/div>\n\t\t<\/div>\n\t\t\t\t\t\t<\/div>\n\t\t\t\t<\/div>\n\t\t<div class=\"elementor-element elementor-element-3f8ac93 e-con-full e-flex e-con e-child\" data-id=\"3f8ac93\" data-element_type=\"container\" data-e-type=\"container\" data-settings=\"{&quot;jet_parallax_layout_list&quot;:[]}\">\n\t\t<a class=\"elementor-element elementor-element-3379f17 e-con-full e-flex e-con e-child\" data-id=\"3379f17\" data-element_type=\"container\" data-e-type=\"container\" data-settings=\"{&quot;jet_parallax_layout_list&quot;:[]}\" href=\"https:\/\/ready.venturacounty.gov\/\" target=\"_blank\">\n\t\t\t\t<div class=\"elementor-element elementor-element-201e86a elementor-widget elementor-widget-image\" data-id=\"201e86a\" data-element_type=\"widget\" data-e-type=\"widget\" data-widget_type=\"image.default\">\n\t\t\t\t<div class=\"elementor-widget-container\">\n\t\t\t\t\t\t\t\t\t\t\t\t\t\t\t<img decoding=\"async\" width=\"800\" height=\"208\" src=\"https:\/\/supervisorlopez.venturacounty.gov\/wp-content\/uploads\/2025\/05\/ReadyVenturaCounty_Logo.png\" class=\"attachment-large size-large wp-image-289\" alt=\"ReadyVenturaCounty Logo\" srcset=\"https:\/\/supervisorlopez.venturacounty.gov\/wp-content\/uploads\/2025\/05\/ReadyVenturaCounty_Logo.png 1002w, https:\/\/supervisorlopez.venturacounty.gov\/wp-content\/uploads\/2025\/05\/ReadyVenturaCounty_Logo-480x125.png 480w, https:\/\/supervisorlopez.venturacounty.gov\/wp-content\/uploads\/2025\/05\/ReadyVenturaCounty_Logo-768x200.png 768w\" sizes=\"(max-width: 800px) 100vw, 800px\" \/>\t\t\t\t\t\t\t\t\t\t\t\t\t\t\t<\/div>\n\t\t\t\t<\/div>\n\t\t\t\t<div class=\"elementor-element elementor-element-1a1a03c elementor-widget elementor-widget-text-editor\" data-id=\"1a1a03c\" data-element_type=\"widget\" data-e-type=\"widget\" data-widget_type=\"text-editor.default\">\n\t\t\t\t<div class=\"elementor-widget-container\">\n\t\t\t\t\t\t\t\t\t<p>Planifique, prep\u00e1rese y obtenga m\u00e1s informaci\u00f3n sobre los planes de emergencia y preparaci\u00f3n del condado de Ventura.<\/p>\t\t\t\t\t\t\t\t<\/div>\n\t\t\t\t<\/div>\n\t\t\t\t<\/a>\n\t\t<a class=\"elementor-element elementor-element-8948646 e-con-full e-flex e-con e-child\" data-id=\"8948646\" data-element_type=\"container\" data-e-type=\"container\" data-settings=\"{&quot;jet_parallax_layout_list&quot;:[]}\" href=\"https:\/\/emergency.venturacounty.gov\/\" target=\"_blank\">\n\t\t\t\t<div class=\"elementor-element elementor-element-f146488 elementor-widget elementor-widget-image\" data-id=\"f146488\" data-element_type=\"widget\" data-e-type=\"widget\" data-widget_type=\"image.default\">\n\t\t\t\t<div class=\"elementor-widget-container\">\n\t\t\t\t\t\t\t\t\t\t\t\t\t\t\t<img decoding=\"async\" width=\"800\" height=\"87\" src=\"https:\/\/supervisorlopez.venturacounty.gov\/wp-content\/uploads\/2025\/05\/VCEmergency-logo-1024x111.png\" class=\"attachment-large size-large wp-image-290\" alt=\"VCEmergency Logo\" srcset=\"https:\/\/supervisorlopez.venturacounty.gov\/wp-content\/uploads\/2025\/05\/VCEmergency-logo-1024x111.png 1024w, https:\/\/supervisorlopez.venturacounty.gov\/wp-content\/uploads\/2025\/05\/VCEmergency-logo-480x52.png 480w, https:\/\/supervisorlopez.venturacounty.gov\/wp-content\/uploads\/2025\/05\/VCEmergency-logo-768x83.png 768w, https:\/\/supervisorlopez.venturacounty.gov\/wp-content\/uploads\/2025\/05\/VCEmergency-logo-1536x167.png 1536w, https:\/\/supervisorlopez.venturacounty.gov\/wp-content\/uploads\/2025\/05\/VCEmergency-logo.png 2048w\" sizes=\"(max-width: 800px) 100vw, 800px\" \/>\t\t\t\t\t\t\t\t\t\t\t\t\t\t\t<\/div>\n\t\t\t\t<\/div>\n\t\t\t\t<div class=\"elementor-element elementor-element-5cf6079 elementor-widget elementor-widget-heading\" data-id=\"5cf6079\" data-element_type=\"widget\" data-e-type=\"widget\" data-widget_type=\"heading.default\">\n\t\t\t\t<div class=\"elementor-widget-container\">\n\t\t\t\t\t<p class=\"elementor-heading-title elementor-size-default\">Informaci\u00f3n de emergencia del condado de Ventura<\/p>\t\t\t\t<\/div>\n\t\t\t\t<\/div>\n\t\t\t\t<div class=\"elementor-element elementor-element-b92c5b5 elementor-widget elementor-widget-text-editor\" data-id=\"b92c5b5\" data-element_type=\"widget\" data-e-type=\"widget\" data-widget_type=\"text-editor.default\">\n\t\t\t\t<div class=\"elementor-widget-container\">\n\t\t\t\t\t\t\t\t\t<p>Activo durante emergencias, encuentre actualizaciones en tiempo real, alertas, informaci\u00f3n sobre emergencias, informaci\u00f3n sobre evacuaciones y mucho m\u00e1s para el condado de Ventura.<\/p>\t\t\t\t\t\t\t\t<\/div>\n\t\t\t\t<\/div>\n\t\t\t\t<\/a>\n\t\t\t\t<\/div>\n\t\t\t\t<div class=\"elementor-element elementor-element-a4a3b5d elementor-widget elementor-widget-spacer\" data-id=\"a4a3b5d\" data-element_type=\"widget\" data-e-type=\"widget\" data-widget_type=\"spacer.default\">\n\t\t\t\t<div class=\"elementor-widget-container\">\n\t\t\t\t\t\t\t<div class=\"elementor-spacer\">\n\t\t\t<div class=\"elementor-spacer-inner\"><\/div>\n\t\t<\/div>\n\t\t\t\t\t\t<\/div>\n\t\t\t\t<\/div>\n\t\t<div class=\"elementor-element elementor-element-307c5e4 e-con-full e-flex e-con e-child\" data-id=\"307c5e4\" data-element_type=\"container\" data-e-type=\"container\" data-settings=\"{&quot;jet_parallax_layout_list&quot;:[]}\">\n\t\t<a class=\"elementor-element elementor-element-7648a91 e-con-full e-flex e-con e-child\" data-id=\"7648a91\" data-element_type=\"container\" data-e-type=\"container\" data-settings=\"{&quot;jet_parallax_layout_list&quot;:[]}\" href=\"https:\/\/www.oxnard.gov\/fire-department\/emergency-management-disaster-preparedness\" target=\"_blank\">\n\t\t\t\t<div class=\"elementor-element elementor-element-6f605a5 elementor-widget elementor-widget-image\" data-id=\"6f605a5\" data-element_type=\"widget\" data-e-type=\"widget\" data-widget_type=\"image.default\">\n\t\t\t\t<div class=\"elementor-widget-container\">\n\t\t\t\t\t\t\t\t\t\t\t\t\t\t\t<img loading=\"lazy\" decoding=\"async\" width=\"800\" height=\"303\" src=\"https:\/\/supervisorlopez.venturacounty.gov\/wp-content\/uploads\/2025\/05\/Disaster-Preparedness-Logo.png\" class=\"attachment-large size-large wp-image-288\" alt=\"Disaster Preparedness Logo\" srcset=\"https:\/\/supervisorlopez.venturacounty.gov\/wp-content\/uploads\/2025\/05\/Disaster-Preparedness-Logo.png 1024w, https:\/\/supervisorlopez.venturacounty.gov\/wp-content\/uploads\/2025\/05\/Disaster-Preparedness-Logo-480x182.png 480w, https:\/\/supervisorlopez.venturacounty.gov\/wp-content\/uploads\/2025\/05\/Disaster-Preparedness-Logo-768x291.png 768w\" sizes=\"(max-width: 800px) 100vw, 800px\" \/>\t\t\t\t\t\t\t\t\t\t\t\t\t\t\t<\/div>\n\t\t\t\t<\/div>\n\t\t\t\t<div class=\"elementor-element elementor-element-224c947 elementor-widget elementor-widget-text-editor\" data-id=\"224c947\" data-element_type=\"widget\" data-e-type=\"widget\" data-widget_type=\"text-editor.default\">\n\t\t\t\t<div class=\"elementor-widget-container\">\n\t\t\t\t\t\t\t\t\t<p>Los Servicios de Emergencia del Departamento de Bomberos de Oxnard coordinan los esfuerzos de respuesta y recuperaci\u00f3n en caso de cat\u00e1strofe en la ciudad de Oxnard.<\/p>\t\t\t\t\t\t\t\t<\/div>\n\t\t\t\t<\/div>\n\t\t\t\t<\/a>\n\t\t<a class=\"elementor-element elementor-element-9a1274e e-con-full e-flex e-con e-child\" data-id=\"9a1274e\" data-element_type=\"container\" data-e-type=\"container\" data-settings=\"{&quot;jet_parallax_layout_list&quot;:[]}\" href=\"https:\/\/www.ci.port-hueneme.ca.us\/AlertCenter.aspx\" target=\"_blank\">\n\t\t\t\t<div class=\"elementor-element elementor-element-86ef4d7 elementor-widget elementor-widget-image\" data-id=\"86ef4d7\" data-element_type=\"widget\" data-e-type=\"widget\" data-widget_type=\"image.default\">\n\t\t\t\t<div class=\"elementor-widget-container\">\n\t\t\t\t\t\t\t\t\t\t\t\t\t\t\t<img loading=\"lazy\" decoding=\"async\" width=\"332\" height=\"79\" src=\"https:\/\/supervisorlopez.venturacounty.gov\/wp-content\/uploads\/2025\/05\/PortHueneme-dk.png\" class=\"attachment-large size-large wp-image-291\" alt=\"\" \/>\t\t\t\t\t\t\t\t\t\t\t\t\t\t\t<\/div>\n\t\t\t\t<\/div>\n\t\t\t\t<div class=\"elementor-element elementor-element-3a9a511 elementor-widget elementor-widget-text-editor\" data-id=\"3a9a511\" data-element_type=\"widget\" data-e-type=\"widget\" data-widget_type=\"text-editor.default\">\n\t\t\t\t<div class=\"elementor-widget-container\">\n\t\t\t\t\t\t\t\t\t<p>Alertas y emergencias de la Ciudad de Port Hueneme listadas por categor\u00eda. Suscr\u00edbase a las notificaciones de la Ciudad.&nbsp;<\/p>\t\t\t\t\t\t\t\t<\/div>\n\t\t\t\t<\/div>\n\t\t\t\t<\/a>\n\t\t\t\t<\/div>\n\t\t\t\t<\/div>\n\t\t<div class=\"elementor-element elementor-element-834cd32 e-con-full e-flex e-con e-child\" data-id=\"834cd32\" data-element_type=\"container\" data-e-type=\"container\" data-settings=\"{&quot;jet_parallax_layout_list&quot;:[],&quot;background_background&quot;:&quot;classic&quot;}\">\n\t\t<div class=\"elementor-element elementor-element-98034d8 e-con-full e-flex e-con e-child\" data-id=\"98034d8\" data-element_type=\"container\" data-e-type=\"container\" data-settings=\"{&quot;jet_parallax_layout_list&quot;:[],&quot;background_background&quot;:&quot;classic&quot;}\">\n\t\t\t\t<div class=\"elementor-element elementor-element-4e23d55 elementor-widget elementor-widget-heading\" data-id=\"4e23d55\" data-element_type=\"widget\" data-e-type=\"widget\" data-widget_type=\"heading.default\">\n\t\t\t\t<div class=\"elementor-widget-container\">\n\t\t\t\t\t<p class=\"elementor-heading-title elementor-size-default\">Con\u00e9ctate conmigo<\/p>\t\t\t\t<\/div>\n\t\t\t\t<\/div>\n\t\t\t\t<div class=\"elementor-element elementor-element-961c468 elementor-icon-list--layout-traditional elementor-list-item-link-full_width elementor-widget elementor-widget-icon-list\" data-id=\"961c468\" data-element_type=\"widget\" data-e-type=\"widget\" data-widget_type=\"icon-list.default\">\n\t\t\t\t<div class=\"elementor-widget-container\">\n\t\t\t\t\t\t\t<ul class=\"elementor-icon-list-items\">\n\t\t\t\t\t\t\t<li class=\"elementor-icon-list-item\">\n\t\t\t\t\t\t\t\t\t\t\t<a href=\"https:\/\/supervisorlopez.venturacounty.gov\/es\/connect-with-me\/contact-me\/\">\n\n\t\t\t\t\t\t\t\t\t\t\t\t<span class=\"elementor-icon-list-icon\">\n\t\t\t\t\t\t\t<i aria-hidden=\"true\" class=\"fas fa-envelope\"><\/i>\t\t\t\t\t\t<\/span>\n\t\t\t\t\t\t\t\t\t\t<span class=\"elementor-icon-list-text\">Env\u00edame un correo electr\u00f3nico<\/span>\n\t\t\t\t\t\t\t\t\t\t\t<\/a>\n\t\t\t\t\t\t\t\t\t<\/li>\n\t\t\t\t\t\t\t\t<li class=\"elementor-icon-list-item\">\n\t\t\t\t\t\t\t\t\t\t\t<span class=\"elementor-icon-list-icon\">\n\t\t\t\t\t\t\t<i aria-hidden=\"true\" class=\"fas fa-phone-alt\"><\/i>\t\t\t\t\t\t<\/span>\n\t\t\t\t\t\t\t\t\t\t<span class=\"elementor-icon-list-text\">(805) 654-2613<\/span>\n\t\t\t\t\t\t\t\t\t<\/li>\n\t\t\t\t\t\t\t\t<li class=\"elementor-icon-list-item\">\n\t\t\t\t\t\t\t\t\t\t\t<a href=\"https:\/\/supervisorlopez.venturacounty.gov\/es\/connect-with-me\/my-staff\/\">\n\n\t\t\t\t\t\t\t\t\t\t\t\t<span class=\"elementor-icon-list-icon\">\n\t\t\t\t\t\t\t<i aria-hidden=\"true\" class=\"far fa-user\"><\/i>\t\t\t\t\t\t<\/span>\n\t\t\t\t\t\t\t\t\t\t<span class=\"elementor-icon-list-text\">Mi personal<\/span>\n\t\t\t\t\t\t\t\t\t\t\t<\/a>\n\t\t\t\t\t\t\t\t\t<\/li>\n\t\t\t\t\t\t\t\t<li class=\"elementor-icon-list-item\">\n\t\t\t\t\t\t\t\t\t\t\t<a href=\"https:\/\/supervisorlopez.venturacounty.gov\/es\/newsletter\/\">\n\n\t\t\t\t\t\t\t\t\t\t\t\t<span class=\"elementor-icon-list-icon\">\n\t\t\t\t\t\t\t<i aria-hidden=\"true\" class=\"fas fa-newspaper\"><\/i>\t\t\t\t\t\t<\/span>\n\t\t\t\t\t\t\t\t\t\t<span class=\"elementor-icon-list-text\">Boletines<\/span>\n\t\t\t\t\t\t\t\t\t\t\t<\/a>\n\t\t\t\t\t\t\t\t\t<\/li>\n\t\t\t\t\t\t\t\t<li class=\"elementor-icon-list-item\">\n\t\t\t\t\t\t\t\t\t\t\t<a href=\"https:\/\/supervisorlopez.venturacounty.gov\/es\/connect-with-me\/social-media\/\">\n\n\t\t\t\t\t\t\t\t\t\t\t\t<span class=\"elementor-icon-list-icon\">\n\t\t\t\t\t\t\t<i aria-hidden=\"true\" class=\"fab fa-instagram\"><\/i>\t\t\t\t\t\t<\/span>\n\t\t\t\t\t\t\t\t\t\t<span class=\"elementor-icon-list-text\">Redes sociales<\/span>\n\t\t\t\t\t\t\t\t\t\t\t<\/a>\n\t\t\t\t\t\t\t\t\t<\/li>\n\t\t\t\t\t\t<\/ul>\n\t\t\t\t\t\t<\/div>\n\t\t\t\t<\/div>\n\t\t\t\t<\/div>\n\t\t\t\t<\/div>\n\t\t\t\t\t<\/div>\n\t\t\t\t<\/div>\n\t\t\t\t<\/div>","protected":false},"excerpt":{"rendered":"<p>Ventura County could face a number of emergency situations, including wildfires and earthquakes. The County\u2019s Office of Emergency Services assists Ventura County in preparing for, responding to, and recovering from [&hellip;]<\/p>\n","protected":false},"author":4,"featured_media":0,"parent":0,"menu_order":0,"comment_status":"closed","ping_status":"closed","template":"","meta":{"footnotes":""},"class_list":["post-104","page","type-page","status-publish","hentry"],"_links":{"self":[{"href":"https:\/\/supervisorlopez.venturacounty.gov\/es\/wp-json\/wp\/v2\/pages\/104","targetHints":{"allow":["GET"]}}],"collection":[{"href":"https:\/\/supervisorlopez.venturacounty.gov\/es\/wp-json\/wp\/v2\/pages"}],"about":[{"href":"https:\/\/supervisorlopez.venturacounty.gov\/es\/wp-json\/wp\/v2\/types\/page"}],"author":[{"embeddable":true,"href":"https:\/\/supervisorlopez.venturacounty.gov\/es\/wp-json\/wp\/v2\/users\/4"}],"replies":[{"embeddable":true,"href":"https:\/\/supervisorlopez.venturacounty.gov\/es\/wp-json\/wp\/v2\/comments?post=104"}],"version-history":[{"count":0,"href":"https:\/\/supervisorlopez.venturacounty.gov\/es\/wp-json\/wp\/v2\/pages\/104\/revisions"}],"wp:attachment":[{"href":"https:\/\/supervisorlopez.venturacounty.gov\/es\/wp-json\/wp\/v2\/media?parent=104"}],"curies":[{"name":"wp","href":"https:\/\/api.w.org\/{rel}","templated":true}]}}