{"id":142,"date":"2025-04-24T12:00:36","date_gmt":"2025-04-24T19:00:36","guid":{"rendered":"https:\/\/supervisorlopez.venturacounty.gov\/?page_id=142"},"modified":"2026-02-27T13:52:01","modified_gmt":"2026-02-27T21:52:01","slug":"fifth-district-appointees","status":"publish","type":"page","link":"https:\/\/supervisorlopez.venturacounty.gov\/es\/fifth-district-appointees\/","title":{"rendered":"Designados del Quinto Distrito"},"content":{"rendered":"<div data-elementor-type=\"wp-page\" data-elementor-id=\"142\" class=\"elementor elementor-142\" data-elementor-post-type=\"page\">\n\t\t\t\t<div class=\"elementor-element elementor-element-462e13fe e-flex e-con-boxed e-con e-parent\" data-id=\"462e13fe\" data-element_type=\"container\" data-e-type=\"container\" data-settings=\"{&quot;background_background&quot;:&quot;classic&quot;,&quot;jet_parallax_layout_list&quot;:[]}\">\n\t\t\t\t\t<div class=\"e-con-inner\">\n\t\t<div class=\"elementor-element elementor-element-393d017 e-con-full e-flex e-con e-child\" data-id=\"393d017\" data-element_type=\"container\" data-e-type=\"container\" data-settings=\"{&quot;jet_parallax_layout_list&quot;:[]}\">\n\t\t\t\t<div class=\"elementor-element elementor-element-3ef75c16 elementor-widget elementor-widget-heading\" data-id=\"3ef75c16\" data-element_type=\"widget\" data-e-type=\"widget\" data-widget_type=\"heading.default\">\n\t\t\t\t<div class=\"elementor-widget-container\">\n\t\t\t\t\t<h1 class=\"elementor-heading-title elementor-size-default\">Designados del Quinto Distrito<\/h1>\t\t\t\t<\/div>\n\t\t\t\t<\/div>\n\t\t<div class=\"elementor-element elementor-element-277eb72 e-con-full e-flex e-con e-child\" data-id=\"277eb72\" data-element_type=\"container\" data-e-type=\"container\" data-settings=\"{&quot;jet_parallax_layout_list&quot;:[]}\">\n\t\t\t\t<div class=\"elementor-element elementor-element-7a49d481 elementor-widget elementor-widget-text-editor\" data-id=\"7a49d481\" data-element_type=\"widget\" data-e-type=\"widget\" data-widget_type=\"text-editor.default\">\n\t\t\t\t<div class=\"elementor-widget-container\">\n\t\t\t\t\t\t\t\t\t<p><span data-contrast=\"auto\">Las personas nombradas con perspectivas y conocimientos diversos ayudan a salvar la distancia entre el gobierno y el p\u00fablico formando parte de juntas, comit\u00e9s y comisiones. <\/span><\/p><p><span data-contrast=\"none\">Tengo el honor de presentar a estas personas ante la Junta de Supervisores para su nombramiento.\u00a0<\/span><\/p><p><span data-contrast=\"none\">Agradezco a todos los designados que dedican su tiempo, conocimientos y experiencia a participar activamente en juntas, comit\u00e9s y comisiones.<\/span><\/p>\t\t\t\t\t\t\t\t<\/div>\n\t\t\t\t<\/div>\n\t\t<div class=\"elementor-element elementor-element-64d884c e-con-full e-flex e-con e-child\" data-id=\"64d884c\" data-element_type=\"container\" data-e-type=\"container\" data-settings=\"{&quot;background_background&quot;:&quot;classic&quot;,&quot;jet_parallax_layout_list&quot;:[]}\">\n\t\t\t\t<div class=\"elementor-element elementor-element-87671b6 elementor-widget elementor-widget-image\" data-id=\"87671b6\" data-element_type=\"widget\" data-e-type=\"widget\" data-widget_type=\"image.default\">\n\t\t\t\t<div class=\"elementor-widget-container\">\n\t\t\t\t\t\t\t\t\t\t\t\t\t\t\t<img decoding=\"async\" width=\"150\" height=\"150\" src=\"https:\/\/supervisorlopez.venturacounty.gov\/wp-content\/uploads\/2025\/04\/ClerkoftheBoard-150x150.jpg\" class=\"attachment-thumbnail size-thumbnail wp-image-144\" alt=\"Clerk of the Board\" \/>\t\t\t\t\t\t\t\t\t\t\t\t\t\t\t<\/div>\n\t\t\t\t<\/div>\n\t\t\t\t<div class=\"elementor-element elementor-element-f931611 elementor-widget elementor-widget-text-editor\" data-id=\"f931611\" data-element_type=\"widget\" data-e-type=\"widget\" data-widget_type=\"text-editor.default\">\n\t\t\t\t<div class=\"elementor-widget-container\">\n\t\t\t\t\t\t\t\t\t<p style=\"text-align: center;\"><span class=\"TextRun SCXW65316843 BCX0\" lang=\"EN-US\" xml:lang=\"EN-US\" data-contrast=\"auto\"><span class=\"NormalTextRun SCXW65316843 BCX0\" data-ccp-parastyle=\"Body Text\">\u00bfQuiere presentar su candidatura? M\u00e1s informaci\u00f3n en<\/span><span class=\"NormalTextRun SCXW65316843 BCX0\" data-ccp-parastyle=\"Body Text\">\u00a0<\/span><\/span><a class=\"Hyperlink SCXW65316843 BCX0\" href=\"https:\/\/venturacounty.gov\/county-executive-office\/clerk-of-the-board\/boardscommissionscommittees-information\/\" target=\"_blank\" rel=\"noreferrer noopener\"><span class=\"TextRun Underlined SCXW65316843 BCX0\" lang=\"EN-US\" xml:lang=\"EN-US\" data-contrast=\"none\"><span class=\"NormalTextRun SCXW65316843 BCX0\" data-ccp-charstyle=\"Hyperlink\">Secretario de la Junta.<\/span><\/span><\/a><\/p>\t\t\t\t\t\t\t\t<\/div>\n\t\t\t\t<\/div>\n\t\t\t\t<\/div>\n\t\t\t\t<\/div>\n\t\t\t\t<div class=\"elementor-element elementor-element-75298c1 elementor-widget elementor-widget-heading\" data-id=\"75298c1\" data-element_type=\"widget\" data-e-type=\"widget\" data-widget_type=\"heading.default\">\n\t\t\t\t<div class=\"elementor-widget-container\">\n\t\t\t\t\t<h2 class=\"elementor-heading-title elementor-size-default\">Designados del Quinto Distrito:<\/h2>\t\t\t\t<\/div>\n\t\t\t\t<\/div>\n\t\t\t\t<div class=\"elementor-element elementor-element-eef7434 elementor-widget elementor-widget-text-editor\" data-id=\"eef7434\" data-element_type=\"widget\" data-e-type=\"widget\" data-widget_type=\"text-editor.default\">\n\t\t\t\t<div class=\"elementor-widget-container\">\n\t\t\t\t\t\t\t\t\t<p><a href=\"https:\/\/awm.venturacounty.gov\/apac\/\" data-uw-rm-brl=\"PR\" data-uw-original-href=\"https:\/\/www.ventura.org\/agricultural-commissioner\/agricultural-policy-advisory-committee-apac\/\"><strong><span data-contrast=\"none\">Comit\u00e9 Consultivo de Pol\u00edtica Agr\u00edcola\u00a0<\/span><\/strong><\/a><span data-ccp-props=\"{&quot;201341983&quot;:2,&quot;335551550&quot;:6,&quot;335551620&quot;:6,&quot;335559685&quot;:720,&quot;335559739&quot;:0,&quot;335559740&quot;:240}\"><br \/><\/span><span data-contrast=\"auto\"><strong>Bobby Jones<\/strong>\u00a0<\/span><span data-ccp-props=\"{&quot;134233279&quot;:true,&quot;201341983&quot;:0,&quot;335551550&quot;:1,&quot;335551620&quot;:1,&quot;335559685&quot;:720,&quot;335559739&quot;:0,&quot;335559740&quot;:240}\"><br \/><\/span><span data-contrast=\"auto\">Primer nombramiento: 2 de febrero de 2016 - Fin del mandato: 8 de enero de 2029<\/span><span data-ccp-props=\"{&quot;134233279&quot;:true,&quot;201341983&quot;:0,&quot;335551550&quot;:6,&quot;335551620&quot;:6,&quot;335559685&quot;:720,&quot;335559739&quot;:0,&quot;335559740&quot;:240}\">\u00a0<\/span><\/p><p><a href=\"http:\/\/www.vcapcd.org\/APCD-Advisory-Committee.htm\" data-uw-rm-brl=\"PR\" data-uw-original-href=\"http:\/\/www.vcapcd.org\/APCD-Advisory-Committee.htm\"><strong><span data-contrast=\"none\">Comit\u00e9 Consultivo de Control de la Contaminaci\u00f3n Atmosf\u00e9rica<\/span><\/strong><\/a><strong><span data-contrast=\"auto\">\u00a0<\/span><\/strong><span data-ccp-props=\"{&quot;201341983&quot;:2,&quot;335551550&quot;:6,&quot;335551620&quot;:6,&quot;335559685&quot;:720,&quot;335559739&quot;:0,&quot;335559740&quot;:240}\"><br \/><\/span><strong>Steven Weiss<\/strong><span data-ccp-props=\"{&quot;201341983&quot;:2,&quot;335551550&quot;:6,&quot;335551620&quot;:6,&quot;335559685&quot;:720,&quot;335559739&quot;:0,&quot;335559740&quot;:240}\"><br \/><\/span><span data-contrast=\"auto\">Primer nombramiento: 11 de marzo de 2025 - Fin del mandato: 8 de enero de 2029\u00a0<\/span><span data-ccp-props=\"{&quot;201341983&quot;:2,&quot;335551550&quot;:6,&quot;335551620&quot;:6,&quot;335559685&quot;:720,&quot;335559739&quot;:0,&quot;335559740&quot;:240}\">\u00a0<\/span><span data-ccp-props=\"{&quot;201341983&quot;:2,&quot;335551550&quot;:6,&quot;335551620&quot;:6,&quot;335559685&quot;:720,&quot;335559739&quot;:0,&quot;335559740&quot;:240}\">\u00a0<\/span><\/p><p><a href=\"https:\/\/airports.venturacounty.gov\/commission\/\" data-uw-rm-brl=\"PR\" data-uw-original-href=\"https:\/\/vcairports.org\/commission\/\"><strong><span data-contrast=\"none\">Comisi\u00f3n Asesora de Aviaci\u00f3n<\/span><\/strong><\/a><span data-ccp-props=\"{&quot;201341983&quot;:2,&quot;335551550&quot;:6,&quot;335551620&quot;:6,&quot;335559685&quot;:720,&quot;335559739&quot;:0,&quot;335559740&quot;:240}\"><br \/><\/span><span data-contrast=\"auto\"><strong>Steven Tannehill<\/strong>\u00a0\u00a0<\/span><span data-ccp-props=\"{&quot;201341983&quot;:2,&quot;335551550&quot;:6,&quot;335551620&quot;:6,&quot;335559685&quot;:720,&quot;335559739&quot;:0,&quot;335559740&quot;:240}\"><br \/><\/span><span data-contrast=\"auto\">Primer nombramiento: 15 de junio de 2021 - Fin del mandato: 8 de enero de 2029<\/span><span data-ccp-props=\"{&quot;201341983&quot;:0,&quot;335551550&quot;:6,&quot;335551620&quot;:6,&quot;335559685&quot;:720,&quot;335559739&quot;:0,&quot;335559740&quot;:240}\">\u00a0<\/span><\/p><p><a style=\"background-color: #ffffff; font-size: 1rem;\" href=\"https:\/\/hca.venturacounty.gov\/behavioral-health\/behavioral-health-advisory-board\/\" data-uw-rm-brl=\"PR\" data-uw-original-href=\"https:\/\/vchca.org\/behavioral-health\/behavioral-health-advisory-board\/\"><strong><span data-contrast=\"none\">Junta Consultiva de Salud Mental<\/span><\/strong><\/a><strong style=\"font-size: 1rem;\"><span data-contrast=\"auto\">\u00a0\u00a0<\/span><\/strong><span style=\"font-size: 1rem;\" data-ccp-props=\"{&quot;201341983&quot;:2,&quot;335551550&quot;:6,&quot;335551620&quot;:6,&quot;335559685&quot;:720,&quot;335559739&quot;:0,&quot;335559740&quot;:240}\"><br \/><\/span><span data-contrast=\"auto\"><strong>Marlen Torres<\/strong><br \/><\/span><span data-contrast=\"auto\">Primer nombramiento: 13 de diciembre de 2016 - Fin del mandato: 24 de enero de 2026<\/span><span data-ccp-props=\"{&quot;201341983&quot;:0,&quot;335551550&quot;:6,&quot;335551620&quot;:6,&quot;335559685&quot;:720,&quot;335559739&quot;:0,&quot;335559740&quot;:240}\">\u00a0<\/span><\/p><p><strong>Michael Rodr\u00edguez<br \/><\/strong>Primer nombramiento: 25 de enero de 2023 - Fin del mandato: 24 de enero de 2026<\/p><p><strong>Soledad Barrag\u00e1n<br \/><\/strong>Primer nombramiento: 15 de septiembre de 2020 - Fin del mandato: 15 de septiembre de 2026<\/p><p><a href=\"https:\/\/cobpublic.venturacounty.gov\/Boards\/175\" data-uw-rm-brl=\"PR\" data-uw-original-href=\"https:\/\/cobpublic.ventura.org\/Boards\/175\"><strong><span data-contrast=\"auto\">Oficial de la Junta de Supervisores<\/span><\/strong><\/a><span data-ccp-props=\"{&quot;201341983&quot;:0,&quot;335551550&quot;:6,&quot;335551620&quot;:6,&quot;335559685&quot;:720,&quot;335559739&quot;:0,&quot;335559740&quot;:276}\"><br \/><\/span><strong>William Gallaher<\/strong><span data-ccp-props=\"{&quot;201341983&quot;:0,&quot;335551550&quot;:6,&quot;335551620&quot;:6,&quot;335559685&quot;:720,&quot;335559739&quot;:0,&quot;335559740&quot;:276}\"><br \/><\/span><span data-contrast=\"auto\">Nombrado por primera vez: 15 de septiembre de 2015 - Fin del mandato: A discreci\u00f3n de la Junta Directiva\u00a0<\/span><span data-ccp-props=\"{&quot;201341983&quot;:0,&quot;335551550&quot;:6,&quot;335551620&quot;:6,&quot;335559685&quot;:720,&quot;335559739&quot;:0,&quot;335559740&quot;:276}\">\u00a0<\/span><\/p><p><a href=\"https:\/\/first5ventura.org\/\" data-uw-rm-brl=\"PR\" data-uw-original-href=\"https:\/\/first5ventura.org\/\"><strong><span data-contrast=\"none\">Comisi\u00f3n Children &amp; Families First de Ventura (First 5)<\/span><\/strong><\/a><span data-ccp-props=\"{&quot;201341983&quot;:0,&quot;335551550&quot;:6,&quot;335551620&quot;:6,&quot;335559685&quot;:720,&quot;335559739&quot;:0,&quot;335559740&quot;:276}\"><br \/><\/span><strong>Dr. C\u00e9sar Morales<br \/><\/strong><span class=\"TextRun SCXW23608773 BCX0\" lang=\"EN-US\" xml:lang=\"EN-US\" data-contrast=\"auto\" data-uw-rm-lang=\"false\"><span class=\"NormalTextRun SCXW23608773 BCX0\">Primer nombramiento: 15 de septiembre de 2015 - Fin del mandato: 8 de enero de 2029<\/span><\/span><\/p><p><a href=\"https:\/\/venturacounty.gov\/civil-service-commission\/civil-service-commissioners\/\" data-uw-rm-brl=\"PR\" data-uw-original-href=\"https:\/\/www.ventura.org\/civil-service-commission\/civil-service-commissioners\/\"><strong><span data-contrast=\"none\">Comisi\u00f3n de la Funci\u00f3n P\u00fablica<\/span><\/strong><\/a><span data-ccp-props=\"{&quot;201341983&quot;:0,&quot;335551550&quot;:6,&quot;335551620&quot;:6,&quot;335559685&quot;:720,&quot;335559739&quot;:0,&quot;335559740&quot;:276}\"><br \/><\/span><span data-contrast=\"auto\"><strong>Vincent Stewart<\/strong>\u00a0<\/span><span data-ccp-props=\"{&quot;201341983&quot;:0,&quot;335551550&quot;:6,&quot;335551620&quot;:6,&quot;335559685&quot;:720,&quot;335559739&quot;:0,&quot;335559740&quot;:276}\"><br \/><\/span><span data-contrast=\"auto\">Nombrado por primera vez: 12 de marzo de 2019 - Fin del mandato: 31 de mayo de 2026<\/span><span data-ccp-props=\"{&quot;201341983&quot;:0,&quot;335551550&quot;:6,&quot;335551620&quot;:6,&quot;335559685&quot;:720,&quot;335559739&quot;:0,&quot;335559740&quot;:276}\">\u00a0<\/span><\/p><p><a href=\"https:\/\/ca-vc.org\/board-directors-meeting-agendas\/\" data-uw-rm-brl=\"PR\" data-uw-original-href=\"https:\/\/ca-vc.org\/board-directors-meeting-agendas\/\"><strong><span data-contrast=\"none\">Acci\u00f3n Comunitaria del Condado de Ventura\u00a0<\/span><\/strong><\/a><strong><span data-contrast=\"auto\">\u00a0<\/span><\/strong><span data-ccp-props=\"{&quot;201341983&quot;:0,&quot;335551550&quot;:6,&quot;335551620&quot;:6,&quot;335559685&quot;:720,&quot;335559739&quot;:0,&quot;335559740&quot;:276}\"><br \/><\/span><strong>Gabe Teran<\/strong><span data-ccp-props=\"{&quot;201341983&quot;:0,&quot;335551550&quot;:6,&quot;335551620&quot;:6,&quot;335559685&quot;:720,&quot;335559739&quot;:0,&quot;335559740&quot;:276}\"><br \/><\/span><span data-contrast=\"auto\">Primer nombramiento: 8 de febrero de 2022 - Fin del mandato: 8 de enero de 2029<\/span><span data-ccp-props=\"{&quot;201341983&quot;:0,&quot;335551550&quot;:6,&quot;335551620&quot;:6,&quot;335559685&quot;:720,&quot;335559739&quot;:0,&quot;335559740&quot;:276}\">\u00a0<\/span><\/p><p><a href=\"https:\/\/rma.venturacounty.gov\/divisions\/planning\/cultural-heritage-board\/\" data-uw-rm-brl=\"PR\" data-uw-original-href=\"https:\/\/vcrma.org\/divisions\/planning\/cultural-heritage-board\/\"><strong><span data-contrast=\"none\">Consejo del Patrimonio Cultural\u00a0\u00a0<\/span><\/strong><\/a><span data-ccp-props=\"{&quot;201341983&quot;:0,&quot;335551550&quot;:6,&quot;335551620&quot;:6,&quot;335559685&quot;:720,&quot;335559739&quot;:0,&quot;335559740&quot;:276}\"><br \/><\/span><span data-contrast=\"auto\"><strong>Gary Blum<\/strong>\u00a0<\/span><span data-ccp-props=\"{&quot;201341983&quot;:0,&quot;335551550&quot;:6,&quot;335551620&quot;:6,&quot;335559685&quot;:720,&quot;335559739&quot;:0,&quot;335559740&quot;:276}\"><br \/><\/span><span data-contrast=\"auto\">Nombrado por primera vez: 1995 - Fin del mandato: 8 de enero de 2029<\/span><span data-ccp-props=\"{&quot;201341983&quot;:0,&quot;335551550&quot;:6,&quot;335551620&quot;:6,&quot;335559685&quot;:720,&quot;335559739&quot;:0,&quot;335559740&quot;:276}\">\u00a0<\/span><\/p><p><a href=\"https:\/\/hca.venturacounty.gov\/public-health\/ems\/\" data-uw-rm-brl=\"PR\" data-uw-original-href=\"https:\/\/hca.venturacounty.gov\/public-health\/ems\/\"><strong><span data-contrast=\"auto\">Comit\u00e9 Consultivo del SME<\/span><\/strong><\/a><span data-ccp-props=\"{&quot;201341983&quot;:0,&quot;335551550&quot;:6,&quot;335551620&quot;:6,&quot;335559685&quot;:720,&quot;335559739&quot;:0,&quot;335559740&quot;:276}\"><br \/><\/span><span data-contrast=\"auto\"><strong>Michael O'Malia<\/strong>\u00a0<\/span><span data-ccp-props=\"{&quot;201341983&quot;:0,&quot;335551550&quot;:6,&quot;335551620&quot;:6,&quot;335559685&quot;:720,&quot;335559739&quot;:0,&quot;335559740&quot;:276}\"><br \/><\/span><span data-contrast=\"auto\">Primer nombramiento: 8 de junio de 2021 - Fin del mandato: 8 de enero de 2029<\/span><span data-ccp-props=\"{&quot;201341983&quot;:0,&quot;335551550&quot;:6,&quot;335551620&quot;:6,&quot;335559685&quot;:720,&quot;335559739&quot;:0,&quot;335559740&quot;:276}\">\u00a0<\/span><\/p><p><strong><span data-contrast=\"auto\"><a href=\"https:\/\/hca.venturacounty.gov\/public-health\/hiv-aids-center\/\" data-uw-rm-brl=\"PR\" data-uw-original-href=\"https:\/\/hca.venturacounty.gov\/public-health\/hiv-aids-center\/\">Comit\u00e9 consultivo sobre el VIH\/SIDA<\/a><br \/><\/span><\/strong><span data-contrast=\"auto\"><strong>Edgar Euan<\/strong><br \/><\/span><span data-contrast=\"auto\">Primer nombramiento: 7 de noviembre de 2023 - Fin del mandato: 6 de noviembre de 2025<\/span><span data-ccp-props=\"{&quot;201341983&quot;:0,&quot;335551550&quot;:6,&quot;335551620&quot;:6,&quot;335559685&quot;:720,&quot;335559739&quot;:0,&quot;335559740&quot;:276}\">\u00a0<\/span><\/p><p><a href=\"https:\/\/parks.venturacounty.gov\/parks-advisory-commission-pac\/\" data-uw-rm-brl=\"PR\" data-uw-original-href=\"https:\/\/www.ventura.org\/parks-department\/parks-advisory-commission-pac\/\"><strong><span data-contrast=\"none\">Comisi\u00f3n Asesora de Parques\u00a0<\/span><\/strong><\/a><span data-ccp-props=\"{&quot;201341983&quot;:0,&quot;335551550&quot;:6,&quot;335551620&quot;:6,&quot;335559685&quot;:720,&quot;335559739&quot;:0,&quot;335559740&quot;:276}\"><br \/><\/span><span data-contrast=\"auto\"><strong>Harold Schneider<\/strong>\u00a0<\/span><span data-ccp-props=\"{&quot;201341983&quot;:0,&quot;335551550&quot;:6,&quot;335551620&quot;:6,&quot;335559685&quot;:720,&quot;335559739&quot;:0,&quot;335559740&quot;:276}\"><br \/><\/span><span data-contrast=\"auto\">Primer nombramiento: 6 de junio de 2023 - Fin del mandato: 8 de enero de 2029<\/span><span data-ccp-props=\"{&quot;201341983&quot;:0,&quot;335551550&quot;:6,&quot;335551620&quot;:6,&quot;335559685&quot;:720,&quot;335559739&quot;:0,&quot;335559740&quot;:276}\">\u00a0<\/span><\/p><p><a href=\"https:\/\/vcaaa.venturacounty.gov\/advisory-council\/\" data-uw-rm-brl=\"PR\" data-uw-original-href=\"https:\/\/www.vcaaa.org\/advisory-council\/\"><strong><span data-contrast=\"none\">Consejo Asesor de la Agencia de Envejecimiento de la CV<\/span><\/strong><\/a><span data-ccp-props=\"{&quot;201341983&quot;:0,&quot;335551550&quot;:6,&quot;335551620&quot;:6,&quot;335559685&quot;:720,&quot;335559739&quot;:0,&quot;335559740&quot;:276}\"><br \/><\/span><strong>Sylvia Taylor-Stein<\/strong><span data-ccp-props=\"{&quot;201341983&quot;:0,&quot;335551550&quot;:6,&quot;335551620&quot;:6,&quot;335559685&quot;:720,&quot;335559739&quot;:0,&quot;335559740&quot;:276}\"><br \/><\/span><span data-contrast=\"auto\">Primer nombramiento: 24 de mayo de 2022 - Fin del mandato: 23 de mayo de 2026<\/span><span data-ccp-props=\"{&quot;201341983&quot;:0,&quot;335551550&quot;:6,&quot;335551620&quot;:6,&quot;335559685&quot;:720,&quot;335559739&quot;:0,&quot;335559740&quot;:276}\">\u00a0<\/span><\/p><p><a href=\"https:\/\/vcrcd.org\/board-of-directors\/\" data-uw-rm-brl=\"PR\" data-uw-original-href=\"https:\/\/vcrcd.org\/board-of-directors\/\"><strong><span data-contrast=\"none\">Junta Directiva del Distrito de Conservaci\u00f3n de Recursos de la CV<\/span><\/strong><\/a><span data-ccp-props=\"{&quot;201341983&quot;:0,&quot;335551550&quot;:6,&quot;335551620&quot;:6,&quot;335559685&quot;:720,&quot;335559739&quot;:0,&quot;335559740&quot;:276}\"><br \/><\/span><span data-contrast=\"auto\"><strong>Sean Anderson<\/strong><br \/><\/span><span data-contrast=\"auto\">Nombrado por primera vez: 8 de enero de 2019 - Fin del mandato: 27 de noviembre de 2026<\/span><span data-ccp-props=\"{&quot;201341983&quot;:0,&quot;335551550&quot;:6,&quot;335551620&quot;:6,&quot;335559685&quot;:720,&quot;335559739&quot;:0,&quot;335559740&quot;:276}\">\u00a0<\/span><\/p>\t\t\t\t\t\t\t\t<\/div>\n\t\t\t\t<\/div>\n\t\t\t\t<\/div>\n\t\t<div class=\"elementor-element elementor-element-59682fa1 e-con-full e-flex e-con e-child\" data-id=\"59682fa1\" data-element_type=\"container\" data-e-type=\"container\" data-settings=\"{&quot;jet_parallax_layout_list&quot;:[],&quot;background_background&quot;:&quot;classic&quot;}\">\n\t\t\t\t<div class=\"elementor-element elementor-element-f9c41c9 elementor-widget elementor-widget-heading\" data-id=\"f9c41c9\" data-element_type=\"widget\" data-e-type=\"widget\" data-widget_type=\"heading.default\">\n\t\t\t\t<div class=\"elementor-widget-container\">\n\t\t\t\t\t<p class=\"elementor-heading-title elementor-size-default\">Con\u00e9ctate conmigo<\/p>\t\t\t\t<\/div>\n\t\t\t\t<\/div>\n\t\t\t\t<div class=\"elementor-element elementor-element-891d2cd elementor-icon-list--layout-traditional elementor-list-item-link-full_width elementor-widget elementor-widget-global elementor-global-229 elementor-widget-icon-list\" data-id=\"891d2cd\" data-element_type=\"widget\" data-e-type=\"widget\" data-widget_type=\"icon-list.default\">\n\t\t\t\t<div class=\"elementor-widget-container\">\n\t\t\t\t\t\t\t<ul class=\"elementor-icon-list-items\">\n\t\t\t\t\t\t\t<li class=\"elementor-icon-list-item\">\n\t\t\t\t\t\t\t\t\t\t\t<a href=\"https:\/\/supervisorlopez.venturacounty.gov\/es\/connect-with-me\/contact-me\/\">\n\n\t\t\t\t\t\t\t\t\t\t\t\t<span class=\"elementor-icon-list-icon\">\n\t\t\t\t\t\t\t<i aria-hidden=\"true\" class=\"fas fa-envelope\"><\/i>\t\t\t\t\t\t<\/span>\n\t\t\t\t\t\t\t\t\t\t<span class=\"elementor-icon-list-text\">P\u00f3ngase en contacto conmigo<\/span>\n\t\t\t\t\t\t\t\t\t\t\t<\/a>\n\t\t\t\t\t\t\t\t\t<\/li>\n\t\t\t\t\t\t\t\t<li class=\"elementor-icon-list-item\">\n\t\t\t\t\t\t\t\t\t\t\t<span class=\"elementor-icon-list-icon\">\n\t\t\t\t\t\t\t<i aria-hidden=\"true\" class=\"fas fa-phone-alt\"><\/i>\t\t\t\t\t\t<\/span>\n\t\t\t\t\t\t\t\t\t\t<span class=\"elementor-icon-list-text\">(805) 654-2613<\/span>\n\t\t\t\t\t\t\t\t\t<\/li>\n\t\t\t\t\t\t\t\t<li class=\"elementor-icon-list-item\">\n\t\t\t\t\t\t\t\t\t\t\t<a href=\"https:\/\/supervisorlopez.venturacounty.gov\/es\/connect-with-me\/my-staff\/\">\n\n\t\t\t\t\t\t\t\t\t\t\t\t<span class=\"elementor-icon-list-icon\">\n\t\t\t\t\t\t\t<i aria-hidden=\"true\" class=\"far fa-user\"><\/i>\t\t\t\t\t\t<\/span>\n\t\t\t\t\t\t\t\t\t\t<span class=\"elementor-icon-list-text\">Mi personal<\/span>\n\t\t\t\t\t\t\t\t\t\t\t<\/a>\n\t\t\t\t\t\t\t\t\t<\/li>\n\t\t\t\t\t\t\t\t<li class=\"elementor-icon-list-item\">\n\t\t\t\t\t\t\t\t\t\t\t<a href=\"https:\/\/supervisorlopez.venturacounty.gov\/es\/newsletter\/\">\n\n\t\t\t\t\t\t\t\t\t\t\t\t<span class=\"elementor-icon-list-icon\">\n\t\t\t\t\t\t\t<i aria-hidden=\"true\" class=\"fas fa-newspaper\"><\/i>\t\t\t\t\t\t<\/span>\n\t\t\t\t\t\t\t\t\t\t<span class=\"elementor-icon-list-text\">Boletines<\/span>\n\t\t\t\t\t\t\t\t\t\t\t<\/a>\n\t\t\t\t\t\t\t\t\t<\/li>\n\t\t\t\t\t\t\t\t<li class=\"elementor-icon-list-item\">\n\t\t\t\t\t\t\t\t\t\t\t<a href=\"https:\/\/supervisorlopez.venturacounty.gov\/es\/connect-with-me\/social-media\/\">\n\n\t\t\t\t\t\t\t\t\t\t\t\t<span class=\"elementor-icon-list-icon\">\n\t\t\t\t\t\t\t<i aria-hidden=\"true\" class=\"fab fa-instagram\"><\/i>\t\t\t\t\t\t<\/span>\n\t\t\t\t\t\t\t\t\t\t<span class=\"elementor-icon-list-text\">Redes sociales<\/span>\n\t\t\t\t\t\t\t\t\t\t\t<\/a>\n\t\t\t\t\t\t\t\t\t<\/li>\n\t\t\t\t\t\t<\/ul>\n\t\t\t\t\t\t<\/div>\n\t\t\t\t<\/div>\n\t\t\t\t<\/div>\n\t\t\t\t\t<\/div>\n\t\t\t\t<\/div>\n\t\t\t\t<\/div>","protected":false},"excerpt":{"rendered":"<p>Appointees with diverse perspectives and expertise help bridge the gap between government and the public by serving on boards, committees and commissions. I have the honor of bringing these individuals [&hellip;]<\/p>\n","protected":false},"author":2,"featured_media":0,"parent":0,"menu_order":0,"comment_status":"closed","ping_status":"closed","template":"","meta":{"footnotes":""},"class_list":["post-142","page","type-page","status-publish","hentry"],"_links":{"self":[{"href":"https:\/\/supervisorlopez.venturacounty.gov\/es\/wp-json\/wp\/v2\/pages\/142","targetHints":{"allow":["GET"]}}],"collection":[{"href":"https:\/\/supervisorlopez.venturacounty.gov\/es\/wp-json\/wp\/v2\/pages"}],"about":[{"href":"https:\/\/supervisorlopez.venturacounty.gov\/es\/wp-json\/wp\/v2\/types\/page"}],"author":[{"embeddable":true,"href":"https:\/\/supervisorlopez.venturacounty.gov\/es\/wp-json\/wp\/v2\/users\/2"}],"replies":[{"embeddable":true,"href":"https:\/\/supervisorlopez.venturacounty.gov\/es\/wp-json\/wp\/v2\/comments?post=142"}],"version-history":[{"count":0,"href":"https:\/\/supervisorlopez.venturacounty.gov\/es\/wp-json\/wp\/v2\/pages\/142\/revisions"}],"wp:attachment":[{"href":"https:\/\/supervisorlopez.venturacounty.gov\/es\/wp-json\/wp\/v2\/media?parent=142"}],"curies":[{"name":"wp","href":"https:\/\/api.w.org\/{rel}","templated":true}]}}